{"id":72,"date":"2012-02-01T00:29:33","date_gmt":"2012-02-01T00:29:33","guid":{"rendered":"https:\/\/wolney.com.br\/migra\/?page_id=72"},"modified":"2023-09-01T17:05:00","modified_gmt":"2023-09-01T20:05:00","slug":"evolucao-do-salario","status":"publish","type":"page","link":"https:\/\/www.sinticom-tap.com.br\/portal\/servicos\/evolucao-do-salario\/","title":{"rendered":"Evolu\u00e7\u00e3o do Sal\u00e1rio M\u00ednimo"},"content":{"rendered":"<h4>* Desde 1940<\/h4>\n<table style=\"height: 8268px;\" width=\"564\">\n<tbody>\n<tr>\n<td width=\"91\"><strong>Vig\u00eancia<\/strong><\/td>\n<td width=\"165\"><strong>Valor Nominal<\/strong><\/td>\n<\/tr>\n<tr>\n<td width=\"91\"><strong>01\/01\/2023<\/strong><\/td>\n<td width=\"165\"><strong>R$ 1.302,00<\/strong><\/td>\n<\/tr>\n<tr>\n<td width=\"91\"><strong>01\/01\/2022<\/strong><\/td>\n<td width=\"165\"><strong>R$ 1.212,00<\/strong><\/td>\n<\/tr>\n<tr>\n<td width=\"91\"><strong>01\/01\/2021<\/strong><\/td>\n<td width=\"165\"><strong>R$ 1.100,00<\/strong><\/td>\n<\/tr>\n<tr>\n<td width=\"91\"><strong>01\/02\/2020<\/strong><\/td>\n<td width=\"165\"><strong>R$ 1.045,00<\/strong><\/td>\n<\/tr>\n<tr>\n<td width=\"91\"><strong>01\/01\/2020<\/strong><\/td>\n<td width=\"165\"><strong>R$ 1.039,00<\/strong><\/td>\n<\/tr>\n<tr>\n<td width=\"91\"><strong>01\/01\/2019<\/strong><\/td>\n<td width=\"165\"><strong>R$ 998,00<\/strong><\/td>\n<\/tr>\n<tr>\n<td width=\"91\"><strong>01\/01\/2018<\/strong><\/td>\n<td width=\"165\"><strong>R$ 954,00<\/strong><\/td>\n<\/tr>\n<tr>\n<td width=\"91\"><strong>01\/01\/2017<\/strong><\/td>\n<td width=\"165\"><strong>R$ 937,00<\/strong><\/td>\n<\/tr>\n<tr>\n<td width=\"91\"><strong>01\/01\/2016<\/strong><\/td>\n<td width=\"165\"><strong>R$ 880,00<\/strong><\/td>\n<\/tr>\n<tr>\n<td width=\"91\"><strong>01\/01\/2015<\/strong><\/td>\n<td width=\"165\"><strong>R$ 788,00<\/strong><\/td>\n<\/tr>\n<tr>\n<td width=\"91\"><strong>01\/01\/2014<\/strong><\/td>\n<td width=\"165\"><strong>R$ 724,00<\/strong><\/td>\n<\/tr>\n<tr>\n<td width=\"91\"><strong>01\/01\/2013<\/strong><\/td>\n<td width=\"165\"><strong>R$ 678,00<\/strong><\/td>\n<\/tr>\n<tr>\n<td width=\"91\"><strong>01\/01\/2012<\/strong><\/td>\n<td width=\"165\"><strong>R$ 622,00<\/strong><\/td>\n<\/tr>\n<tr>\n<td width=\"91\"><strong>01\/03\/2011<\/strong><\/td>\n<td width=\"165\"><strong>R$ 545,00<\/strong><\/td>\n<\/tr>\n<tr>\n<td width=\"91\"><strong>01\/01\/2011<\/strong><\/td>\n<td width=\"165\"><strong>R$ 540,00<\/strong><\/td>\n<\/tr>\n<tr>\n<td width=\"91\"><strong>01\/01\/2010<\/strong><\/td>\n<td width=\"165\"><strong>R$ 510,00<\/strong><\/td>\n<\/tr>\n<tr>\n<td width=\"91\"><strong>01\/01\/2009<\/strong><\/td>\n<td width=\"165\"><strong>R$ 465,00<\/strong><\/td>\n<\/tr>\n<tr>\n<td width=\"91\"><strong>01\/03\/2008<\/strong><\/td>\n<td width=\"165\"><strong>R$ 415,00<\/strong><\/td>\n<\/tr>\n<tr>\n<td width=\"91\"><strong>01\/04\/2007<\/strong><\/td>\n<td width=\"165\"><strong>R$ 380,00<\/strong><\/td>\n<\/tr>\n<tr>\n<td width=\"91\"><strong>01\/04\/2006<\/strong><\/td>\n<td width=\"165\"><strong>R$ 350,00<\/strong><\/td>\n<\/tr>\n<tr>\n<td width=\"91\"><strong>01\/05\/2005<\/strong><\/td>\n<td width=\"165\"><strong>R$ 300,00<\/strong><\/td>\n<\/tr>\n<tr>\n<td width=\"91\"><strong>01\/05\/2004<\/strong><\/td>\n<td width=\"165\"><strong>R$ 260,00<\/strong><\/td>\n<\/tr>\n<tr>\n<td width=\"91\"><strong>01\/04\/2003<\/strong><\/td>\n<td width=\"165\"><strong>R$ 240,00<\/strong><\/td>\n<\/tr>\n<tr>\n<td width=\"91\"><strong>01\/04\/2002<\/strong><\/td>\n<td width=\"165\"><strong>R$ 200,00<\/strong><\/td>\n<\/tr>\n<tr>\n<td width=\"91\"><strong>01\/05\/2001<\/strong><\/td>\n<td width=\"165\"><strong>R$ 180,00<\/strong><\/td>\n<\/tr>\n<tr>\n<td width=\"91\"><strong>01\/05\/2000<\/strong><\/td>\n<td width=\"165\"><strong>R$ 151,00<\/strong><\/td>\n<\/tr>\n<tr>\n<td width=\"91\"><strong>01\/05\/1999<\/strong><\/td>\n<td width=\"165\"><strong>R$ 136,00<\/strong><\/td>\n<\/tr>\n<tr>\n<td width=\"91\"><strong>01\/05\/1998<\/strong><\/td>\n<td width=\"165\"><strong>R$ 130,00<\/strong><\/td>\n<\/tr>\n<tr>\n<td width=\"91\"><strong>01\/05\/1997<\/strong><\/td>\n<td width=\"165\"><strong>R$ 120,00<\/strong><\/td>\n<\/tr>\n<tr>\n<td width=\"91\"><strong>01\/05\/1996<\/strong><\/td>\n<td width=\"165\"><strong>R$ 112,00<\/strong><\/td>\n<\/tr>\n<tr>\n<td width=\"91\"><strong>01\/05\/1995<\/strong><\/td>\n<td width=\"165\"><strong>R$ 100,00<\/strong><\/td>\n<\/tr>\n<tr>\n<td width=\"91\"><strong>01\/09\/1994<\/strong><\/td>\n<td width=\"165\"><strong>R$ 70,00<\/strong><\/td>\n<\/tr>\n<tr>\n<td width=\"91\"><strong>01\/03\/1994<\/strong><\/td>\n<td width=\"165\"><strong>R$ 64,79<\/strong><\/td>\n<\/tr>\n<tr>\n<td width=\"91\"><strong>01\/02\/1994<\/strong><\/td>\n<td width=\"165\"><strong>42.829,00<\/strong><\/td>\n<\/tr>\n<tr>\n<td width=\"91\"><strong>01\/01\/1994<\/strong><\/td>\n<td width=\"165\"><strong>32.882,00<\/strong><\/td>\n<\/tr>\n<tr>\n<td width=\"91\"><strong>01\/12\/1993<\/strong><\/td>\n<td width=\"165\"><strong>18.760,00<\/strong><\/td>\n<\/tr>\n<tr>\n<td width=\"91\"><strong>01\/11\/1993<\/strong><\/td>\n<td width=\"165\"><strong>15.021,00<\/strong><\/td>\n<\/tr>\n<tr>\n<td width=\"91\"><strong>01\/10\/1993<\/strong><\/td>\n<td width=\"165\"><strong>12.024,00<\/strong><\/td>\n<\/tr>\n<tr>\n<td width=\"91\"><strong>01\/09\/1993<\/strong><\/td>\n<td width=\"165\"><strong>9.606,00<\/strong><\/td>\n<\/tr>\n<tr>\n<td width=\"91\"><strong>01\/08\/1993<\/strong><\/td>\n<td width=\"165\"><strong>5.534,00<\/strong><\/td>\n<\/tr>\n<tr>\n<td width=\"91\"><strong>01\/07\/1993<\/strong><\/td>\n<td width=\"165\"><strong>4.639.800,00<\/strong><\/td>\n<\/tr>\n<tr>\n<td width=\"91\"><strong>01\/05\/1993<\/strong><\/td>\n<td width=\"165\"><strong>3.303.300,00<\/strong><\/td>\n<\/tr>\n<tr>\n<td width=\"91\"><strong>01\/03\/1993<\/strong><\/td>\n<td width=\"165\"><strong>1.709.400,00<\/strong><\/td>\n<\/tr>\n<tr>\n<td width=\"91\"><strong>01\/01\/1993<\/strong><\/td>\n<td width=\"165\"><strong>1.250.700,00<\/strong><\/td>\n<\/tr>\n<tr>\n<td width=\"91\"><strong>01\/09\/1992<\/strong><\/td>\n<td width=\"165\"><strong>522.186,94<\/strong><\/td>\n<\/tr>\n<tr>\n<td width=\"91\"><strong>01\/05\/1992<\/strong><\/td>\n<td width=\"165\"><strong>230.000,00<\/strong><\/td>\n<\/tr>\n<tr>\n<td width=\"91\"><strong>01\/01\/1992<\/strong><\/td>\n<td width=\"165\"><strong>96.037,33<\/strong><\/td>\n<\/tr>\n<tr>\n<td width=\"91\"><strong>01\/12\/1991<\/strong><\/td>\n<td width=\"165\"><strong>42.000,00<\/strong><\/td>\n<\/tr>\n<tr>\n<td width=\"91\"><strong>01\/11\/1991<\/strong><\/td>\n<td width=\"165\"><strong>42.000,00<\/strong><\/td>\n<\/tr>\n<tr>\n<td width=\"91\"><strong>01\/10\/1991<\/strong><\/td>\n<td width=\"165\"><strong>42.000,00<\/strong><\/td>\n<\/tr>\n<tr>\n<td width=\"91\"><strong>01\/09\/1991<\/strong><\/td>\n<td width=\"165\"><strong>42.000,00<\/strong><\/td>\n<\/tr>\n<tr>\n<td width=\"91\"><strong>01\/08\/1991<\/strong><\/td>\n<td width=\"165\"><strong>17.000,00<\/strong><\/td>\n<\/tr>\n<tr>\n<td width=\"91\"><strong>01\/07\/1991<\/strong><\/td>\n<td width=\"165\"><strong>17.000,00<\/strong><\/td>\n<\/tr>\n<tr>\n<td width=\"91\"><strong>01\/06\/1991<\/strong><\/td>\n<td width=\"165\"><strong>17.000,00<\/strong><\/td>\n<\/tr>\n<tr>\n<td width=\"91\"><strong>01\/05\/1991<\/strong><\/td>\n<td width=\"165\"><strong>17.000,00<\/strong><\/td>\n<\/tr>\n<tr>\n<td width=\"91\"><strong>01\/04\/1991<\/strong><\/td>\n<td width=\"165\"><strong>17.000,00<\/strong><\/td>\n<\/tr>\n<tr>\n<td width=\"91\"><strong>01\/03\/1991<\/strong><\/td>\n<td width=\"165\"><strong>17.000,00<\/strong><\/td>\n<\/tr>\n<tr>\n<td width=\"91\"><strong>01\/02\/1991<\/strong><\/td>\n<td width=\"165\"><strong>15.895,46<\/strong><\/td>\n<\/tr>\n<tr>\n<td width=\"91\"><strong>01\/01\/1991<\/strong><\/td>\n<td width=\"165\"><strong>12.325,60<\/strong><\/td>\n<\/tr>\n<tr>\n<td width=\"91\"><strong>01\/12\/1990<\/strong><\/td>\n<td width=\"165\"><strong>8.836,82<\/strong><\/td>\n<\/tr>\n<tr>\n<td width=\"91\"><strong>01\/11\/1990<\/strong><\/td>\n<td width=\"165\"><strong>8.329,55<\/strong><\/td>\n<\/tr>\n<tr>\n<td width=\"91\"><strong>01\/10\/1990<\/strong><\/td>\n<td width=\"165\"><strong>6.425,14<\/strong><\/td>\n<\/tr>\n<tr>\n<td width=\"91\"><strong>01\/09\/1990<\/strong><\/td>\n<td width=\"165\"><strong>6.056,31<\/strong><\/td>\n<\/tr>\n<tr>\n<td width=\"91\"><strong>01\/08\/1990<\/strong><\/td>\n<td width=\"165\"><strong>5.203,46<\/strong><\/td>\n<\/tr>\n<tr>\n<td width=\"91\"><strong>01\/07\/1990<\/strong><\/td>\n<td width=\"165\"><strong>4.904,76<\/strong><\/td>\n<\/tr>\n<tr>\n<td width=\"91\"><strong>01\/06\/1990<\/strong><\/td>\n<td width=\"165\"><strong>3.857,76<\/strong><\/td>\n<\/tr>\n<tr>\n<td width=\"91\"><strong>01\/05\/1990<\/strong><\/td>\n<td width=\"165\"><strong>3.674,06<\/strong><\/td>\n<\/tr>\n<tr>\n<td width=\"91\"><strong>01\/04\/1990<\/strong><\/td>\n<td width=\"165\"><strong>3.674,06<\/strong><\/td>\n<\/tr>\n<tr>\n<td width=\"91\"><strong>01\/03\/1990<\/strong><\/td>\n<td width=\"165\"><strong>3.674,06<\/strong><\/td>\n<\/tr>\n<tr>\n<td width=\"91\"><strong>01\/02\/1990<\/strong><\/td>\n<td width=\"165\"><strong>2.004,37<\/strong><\/td>\n<\/tr>\n<tr>\n<td width=\"91\"><strong>01\/01\/1990<\/strong><\/td>\n<td width=\"165\"><strong>1.283,95<\/strong><\/td>\n<\/tr>\n<tr>\n<td width=\"91\"><strong>01\/12\/1989<\/strong><\/td>\n<td width=\"165\"><strong>788,18<\/strong><\/td>\n<\/tr>\n<tr>\n<td width=\"91\"><strong>01\/11\/1989<\/strong><\/td>\n<td width=\"165\"><strong>557,33<\/strong><\/td>\n<\/tr>\n<tr>\n<td width=\"91\"><strong>01\/10\/1989<\/strong><\/td>\n<td width=\"165\"><strong>381,73<\/strong><\/td>\n<\/tr>\n<tr>\n<td width=\"91\"><strong>01\/09\/1989<\/strong><\/td>\n<td width=\"165\"><strong>249,48<\/strong><\/td>\n<\/tr>\n<tr>\n<td width=\"91\"><strong>01\/08\/1989<\/strong><\/td>\n<td width=\"165\"><strong>192,88<\/strong><\/td>\n<\/tr>\n<tr>\n<td width=\"91\"><strong>01\/07\/1989<\/strong><\/td>\n<td width=\"165\"><strong>149,80<\/strong><\/td>\n<\/tr>\n<tr>\n<td width=\"91\"><strong>01\/06\/1989<\/strong><\/td>\n<td width=\"165\"><strong>120,00<\/strong><\/td>\n<\/tr>\n<tr>\n<td width=\"91\"><strong>01\/05\/1989<\/strong><\/td>\n<td width=\"165\"><strong>81,40<\/strong><\/td>\n<\/tr>\n<tr>\n<td width=\"91\"><strong>01\/04\/1989<\/strong><\/td>\n<td width=\"165\"><strong>63,90<\/strong><\/td>\n<\/tr>\n<tr>\n<td width=\"91\"><strong>01\/03\/1989<\/strong><\/td>\n<td width=\"165\"><strong>63,90<\/strong><\/td>\n<\/tr>\n<tr>\n<td width=\"91\"><strong>01\/02\/1989<\/strong><\/td>\n<td width=\"165\"><strong>63,90<\/strong><\/td>\n<\/tr>\n<tr>\n<td width=\"91\"><strong>01\/01\/1989<\/strong><\/td>\n<td width=\"165\"><strong>54.374,00<\/strong><\/td>\n<\/tr>\n<tr>\n<td width=\"91\"><strong>01\/12\/1988<\/strong><\/td>\n<td width=\"165\"><strong>40.425,00<\/strong><\/td>\n<\/tr>\n<tr>\n<td width=\"91\"><strong>01\/11\/1988<\/strong><\/td>\n<td width=\"165\"><strong>30.800,00<\/strong><\/td>\n<\/tr>\n<tr>\n<td width=\"91\"><strong>01\/10\/1988<\/strong><\/td>\n<td width=\"165\"><strong>23.700,00<\/strong><\/td>\n<\/tr>\n<tr>\n<td width=\"91\"><strong>01\/09\/1988<\/strong><\/td>\n<td width=\"165\"><strong>18.960,00<\/strong><\/td>\n<\/tr>\n<tr>\n<td width=\"91\"><strong>01\/08\/1988<\/strong><\/td>\n<td width=\"165\"><strong>15.552,00<\/strong><\/td>\n<\/tr>\n<tr>\n<td width=\"91\"><strong>01\/07\/1988<\/strong><\/td>\n<td width=\"165\"><strong>12.444,00<\/strong><\/td>\n<\/tr>\n<tr>\n<td width=\"91\"><strong>01\/06\/1988<\/strong><\/td>\n<td width=\"165\"><strong>10.368,00<\/strong><\/td>\n<\/tr>\n<tr>\n<td width=\"91\"><strong>01\/05\/1988<\/strong><\/td>\n<td width=\"165\"><strong>8.712,00<\/strong><\/td>\n<\/tr>\n<tr>\n<td width=\"91\"><strong>01\/04\/1988<\/strong><\/td>\n<td width=\"165\"><strong>7.260,00<\/strong><\/td>\n<\/tr>\n<tr>\n<td width=\"91\"><strong>01\/03\/1988<\/strong><\/td>\n<td width=\"165\"><strong>6.240,00<\/strong><\/td>\n<\/tr>\n<tr>\n<td width=\"91\"><strong>01\/02\/1988<\/strong><\/td>\n<td width=\"165\"><strong>5.280,00<\/strong><\/td>\n<\/tr>\n<tr>\n<td width=\"91\"><strong>01\/01\/1988<\/strong><\/td>\n<td width=\"165\"><strong>4.500,00<\/strong><\/td>\n<\/tr>\n<tr>\n<td width=\"91\"><strong>01\/12\/1987<\/strong><\/td>\n<td width=\"165\"><strong>3.600,00<\/strong><\/td>\n<\/tr>\n<tr>\n<td width=\"91\"><strong>01\/11\/1987<\/strong><\/td>\n<td width=\"165\"><strong>3.000,00<\/strong><\/td>\n<\/tr>\n<tr>\n<td width=\"91\"><strong>01\/10\/1987<\/strong><\/td>\n<td width=\"165\"><strong>2.640,00<\/strong><\/td>\n<\/tr>\n<tr>\n<td width=\"91\"><strong>01\/09\/1987<\/strong><\/td>\n<td width=\"165\"><strong>2.400,00<\/strong><\/td>\n<\/tr>\n<tr>\n<td width=\"91\"><strong>01\/06\/1987<\/strong><\/td>\n<td width=\"165\"><strong>1.969,92<\/strong><\/td>\n<\/tr>\n<tr>\n<td width=\"91\"><strong>01\/05\/1987<\/strong><\/td>\n<td width=\"165\"><strong>1.641,60<\/strong><\/td>\n<\/tr>\n<tr>\n<td width=\"91\"><strong>01\/03\/1987<\/strong><\/td>\n<td width=\"165\"><strong>1.368,00<\/strong><\/td>\n<\/tr>\n<tr>\n<td width=\"91\"><strong>01\/01\/1987<\/strong><\/td>\n<td width=\"165\"><strong>964,80<\/strong><\/td>\n<\/tr>\n<tr>\n<td width=\"91\"><strong>01\/03\/1986<\/strong><\/td>\n<td width=\"165\"><strong>804,00<\/strong><\/td>\n<\/tr>\n<tr>\n<td width=\"91\"><strong>01\/11\/1985<\/strong><\/td>\n<td width=\"165\"><strong>600.000,00<\/strong><\/td>\n<\/tr>\n<tr>\n<td width=\"91\"><strong>01\/05\/1985<\/strong><\/td>\n<td width=\"165\"><strong>333.120,00<\/strong><\/td>\n<\/tr>\n<tr>\n<td width=\"91\"><strong>01\/11\/1984<\/strong><\/td>\n<td width=\"165\"><strong>166.560,00<\/strong><\/td>\n<\/tr>\n<tr>\n<td width=\"91\"><strong>01\/05\/1984<\/strong><\/td>\n<td width=\"165\"><strong>97.176,00<\/strong><\/td>\n<\/tr>\n<tr>\n<td width=\"91\"><strong>01\/11\/1983<\/strong><\/td>\n<td width=\"165\"><strong>57.120,00<\/strong><\/td>\n<\/tr>\n<tr>\n<td width=\"91\"><strong>01\/05\/1983<\/strong><\/td>\n<td width=\"165\"><strong>34.776,00<\/strong><\/td>\n<\/tr>\n<tr>\n<td width=\"91\"><strong>01\/11\/1982<\/strong><\/td>\n<td width=\"165\"><strong>23.568,00<\/strong><\/td>\n<\/tr>\n<tr>\n<td width=\"91\"><strong>01\/05\/1982<\/strong><\/td>\n<td width=\"165\"><strong>16.608,00<\/strong><\/td>\n<\/tr>\n<tr>\n<td width=\"91\"><strong>01\/11\/1981<\/strong><\/td>\n<td width=\"165\"><strong>11.928,00<\/strong><\/td>\n<\/tr>\n<tr>\n<td width=\"91\"><strong>01\/05\/1981<\/strong><\/td>\n<td width=\"165\"><strong>8.464,80<\/strong><\/td>\n<\/tr>\n<tr>\n<td width=\"91\"><strong>01\/11\/1980<\/strong><\/td>\n<td width=\"165\"><strong>5.788,80<\/strong><\/td>\n<\/tr>\n<tr>\n<td width=\"91\"><strong>01\/05\/1980<\/strong><\/td>\n<td width=\"165\"><strong>4.149,60<\/strong><\/td>\n<\/tr>\n<tr>\n<td width=\"91\"><strong>01\/11\/1979<\/strong><\/td>\n<td width=\"165\"><strong>2.932,80<\/strong><\/td>\n<\/tr>\n<tr>\n<td width=\"91\"><strong>01\/05\/1979<\/strong><\/td>\n<td width=\"165\"><strong>2.268,00<\/strong><\/td>\n<\/tr>\n<tr>\n<td width=\"91\"><strong>01\/05\/1978<\/strong><\/td>\n<td width=\"165\"><strong>1.560,00<\/strong><\/td>\n<\/tr>\n<tr>\n<td width=\"91\"><strong>01\/05\/1977<\/strong><\/td>\n<td width=\"165\"><strong>1.106,40<\/strong><\/td>\n<\/tr>\n<tr>\n<td width=\"91\"><strong>01\/05\/1976<\/strong><\/td>\n<td width=\"165\"><strong>768,00<\/strong><\/td>\n<\/tr>\n<tr>\n<td width=\"91\"><strong>01\/05\/1975<\/strong><\/td>\n<td width=\"165\"><strong>532,80<\/strong><\/td>\n<\/tr>\n<tr>\n<td width=\"91\"><strong>01\/12\/1974<\/strong><\/td>\n<td width=\"165\"><strong>415,20<\/strong><\/td>\n<\/tr>\n<tr>\n<td width=\"91\"><strong>01\/05\/1974<\/strong><\/td>\n<td width=\"165\"><strong>376,80<\/strong><\/td>\n<\/tr>\n<tr>\n<td width=\"91\"><strong>01\/05\/1973<\/strong><\/td>\n<td width=\"165\"><strong>312,00<\/strong><\/td>\n<\/tr>\n<tr>\n<td width=\"91\"><strong>01\/05\/1972<\/strong><\/td>\n<td width=\"165\"><strong>268,80<\/strong><\/td>\n<\/tr>\n<tr>\n<td width=\"91\"><strong>01\/05\/1971<\/strong><\/td>\n<td width=\"165\"><strong>225,60<\/strong><\/td>\n<\/tr>\n<tr>\n<td width=\"91\"><strong>01\/05\/1970<\/strong><\/td>\n<td width=\"165\"><strong>187,00<\/strong><\/td>\n<\/tr>\n<tr>\n<td width=\"91\"><strong>01\/05\/1969<\/strong><\/td>\n<td width=\"165\"><strong>156,00<\/strong><\/td>\n<\/tr>\n<tr>\n<td width=\"91\"><strong>26\/03\/1968<\/strong><\/td>\n<td width=\"165\"><strong>129,60<\/strong><\/td>\n<\/tr>\n<tr>\n<td width=\"91\"><strong>01\/03\/1967<\/strong><\/td>\n<td width=\"165\"><strong>105,00<\/strong><\/td>\n<\/tr>\n<tr>\n<td width=\"91\"><strong>01\/03\/1966<\/strong><\/td>\n<td width=\"165\"><strong>84.000,00<\/strong><\/td>\n<\/tr>\n<tr>\n<td width=\"91\"><strong>01\/03\/1965<\/strong><\/td>\n<td width=\"165\"><strong>66.000,00<\/strong><\/td>\n<\/tr>\n<tr>\n<td width=\"91\"><strong>24\/02\/1964<\/strong><\/td>\n<td width=\"165\"><strong>42.000,00<\/strong><\/td>\n<\/tr>\n<tr>\n<td width=\"91\"><strong>01\/01\/1963<\/strong><\/td>\n<td width=\"165\"><strong>21.000,00<\/strong><\/td>\n<\/tr>\n<tr>\n<td width=\"91\"><strong>16\/10\/1961<\/strong><\/td>\n<td width=\"165\"><strong>13.216,00<\/strong><\/td>\n<\/tr>\n<tr>\n<td width=\"91\"><strong>18\/10\/1960<\/strong><\/td>\n<td width=\"165\"><strong>9.440,00<\/strong><\/td>\n<\/tr>\n<tr>\n<td width=\"91\"><strong>01\/01\/1959<\/strong><\/td>\n<td width=\"165\"><strong>5.900,00<\/strong><\/td>\n<\/tr>\n<tr>\n<td width=\"91\"><strong>01\/08\/1956<\/strong><\/td>\n<td width=\"165\"><strong>3.700,00<\/strong><\/td>\n<\/tr>\n<tr>\n<td width=\"91\"><strong>04\/07\/1954<\/strong><\/td>\n<td width=\"165\"><strong>2.300,00<\/strong><\/td>\n<\/tr>\n<tr>\n<td width=\"91\"><strong>01\/01\/1952<\/strong><\/td>\n<td width=\"165\"><strong>1.190,00<\/strong><\/td>\n<\/tr>\n<tr>\n<td width=\"91\"><strong>01\/12\/1943<\/strong><\/td>\n<td width=\"165\"><strong>360,00<\/strong><\/td>\n<\/tr>\n<tr>\n<td width=\"91\"><strong>17\/07\/1943<\/strong><\/td>\n<td width=\"165\"><strong>275,00<\/strong><\/td>\n<\/tr>\n<tr>\n<td width=\"91\"><strong>04\/07\/1940<\/strong><\/td>\n<td width=\"165\"><strong>220,00<\/strong><\/td>\n<\/tr>\n<\/tbody>\n<\/table>\n<p>&nbsp;<\/p>\n","protected":false},"excerpt":{"rendered":"<p>* Desde 1940 Vig\u00eancia Valor Nominal 01\/01\/2023 R$ 1.302,00 01\/01\/2022 R$ 1.212,00 01\/01\/2021 R$ 1.100,00 01\/02\/2020 R$ 1.045,00 01\/01\/2020 R$ 1.039,00 01\/01\/2019 R$ 998,00 01\/01\/2018 R$ 954,00 01\/01\/2017 R$ 937,00 01\/01\/2016 R$ 880,00 01\/01\/2015 R$ 788,00 01\/01\/2014 R$ 724,00 01\/01\/2013 R$ 678,00 01\/01\/2012 R$ 622,00 01\/03\/2011 R$ 545,00 01\/01\/2011 R$ 540,00 01\/01\/2010 R$ 510,00 01\/01\/2009 &#8230; <a title=\"Evolu\u00e7\u00e3o do Sal\u00e1rio M\u00ednimo\" class=\"read-more\" href=\"https:\/\/www.sinticom-tap.com.br\/portal\/servicos\/evolucao-do-salario\/\" aria-label=\"More on Evolu\u00e7\u00e3o do Sal\u00e1rio M\u00ednimo\">Ler mais<\/a><\/p>\n","protected":false},"author":1,"featured_media":0,"parent":30,"menu_order":0,"comment_status":"closed","ping_status":"closed","template":"","meta":{"footnotes":""},"class_list":["post-72","page","type-page","status-publish"],"yoast_head":"<!-- This site is optimized with the Yoast SEO plugin v25.9 - https:\/\/yoast.com\/wordpress\/plugins\/seo\/ -->\n<title>Evolu\u00e7\u00e3o do Sal\u00e1rio M\u00ednimo - Sinticom-TAP<\/title>\n<meta name=\"robots\" content=\"index, follow, max-snippet:-1, max-image-preview:large, max-video-preview:-1\" \/>\n<link rel=\"canonical\" href=\"https:\/\/www.sinticom-tap.com.br\/portal\/servicos\/evolucao-do-salario\/\" \/>\n<meta property=\"og:locale\" content=\"pt_BR\" \/>\n<meta property=\"og:type\" content=\"article\" \/>\n<meta property=\"og:title\" content=\"Evolu\u00e7\u00e3o do Sal\u00e1rio M\u00ednimo - Sinticom-TAP\" \/>\n<meta property=\"og:description\" content=\"* Desde 1940 Vig\u00eancia Valor Nominal 01\/01\/2023 R$ 1.302,00 01\/01\/2022 R$ 1.212,00 01\/01\/2021 R$ 1.100,00 01\/02\/2020 R$ 1.045,00 01\/01\/2020 R$ 1.039,00 01\/01\/2019 R$ 998,00 01\/01\/2018 R$ 954,00 01\/01\/2017 R$ 937,00 01\/01\/2016 R$ 880,00 01\/01\/2015 R$ 788,00 01\/01\/2014 R$ 724,00 01\/01\/2013 R$ 678,00 01\/01\/2012 R$ 622,00 01\/03\/2011 R$ 545,00 01\/01\/2011 R$ 540,00 01\/01\/2010 R$ 510,00 01\/01\/2009 ... Ler mais\" \/>\n<meta property=\"og:url\" content=\"https:\/\/www.sinticom-tap.com.br\/portal\/servicos\/evolucao-do-salario\/\" \/>\n<meta property=\"og:site_name\" content=\"Sinticom-TAP\" \/>\n<meta property=\"article:modified_time\" content=\"2023-09-01T20:05:00+00:00\" \/>\n<meta name=\"twitter:card\" content=\"summary_large_image\" \/>\n<script type=\"application\/ld+json\" class=\"yoast-schema-graph\">{\"@context\":\"https:\/\/schema.org\",\"@graph\":[{\"@type\":\"WebPage\",\"@id\":\"https:\/\/www.sinticom-tap.com.br\/portal\/servicos\/evolucao-do-salario\/\",\"url\":\"https:\/\/www.sinticom-tap.com.br\/portal\/servicos\/evolucao-do-salario\/\",\"name\":\"Evolu\u00e7\u00e3o do Sal\u00e1rio M\u00ednimo - Sinticom-TAP\",\"isPartOf\":{\"@id\":\"https:\/\/www.sinticom-tap.com.br\/portal\/#website\"},\"datePublished\":\"2012-02-01T00:29:33+00:00\",\"dateModified\":\"2023-09-01T20:05:00+00:00\",\"breadcrumb\":{\"@id\":\"https:\/\/www.sinticom-tap.com.br\/portal\/servicos\/evolucao-do-salario\/#breadcrumb\"},\"inLanguage\":\"pt-BR\",\"potentialAction\":[{\"@type\":\"ReadAction\",\"target\":[\"https:\/\/www.sinticom-tap.com.br\/portal\/servicos\/evolucao-do-salario\/\"]}]},{\"@type\":\"BreadcrumbList\",\"@id\":\"https:\/\/www.sinticom-tap.com.br\/portal\/servicos\/evolucao-do-salario\/#breadcrumb\",\"itemListElement\":[{\"@type\":\"ListItem\",\"position\":1,\"name\":\"In\u00edcio\",\"item\":\"https:\/\/www.sinticom-tap.com.br\/portal\/\"},{\"@type\":\"ListItem\",\"position\":2,\"name\":\"Servi\u00e7os\",\"item\":\"https:\/\/www.sinticom-tap.com.br\/portal\/servicos\/\"},{\"@type\":\"ListItem\",\"position\":3,\"name\":\"Evolu\u00e7\u00e3o do Sal\u00e1rio M\u00ednimo\"}]},{\"@type\":\"WebSite\",\"@id\":\"https:\/\/www.sinticom-tap.com.br\/portal\/#website\",\"url\":\"https:\/\/www.sinticom-tap.com.br\/portal\/\",\"name\":\"Sinticom-TAP\",\"description\":\"Sinticom-TAP\",\"potentialAction\":[{\"@type\":\"SearchAction\",\"target\":{\"@type\":\"EntryPoint\",\"urlTemplate\":\"https:\/\/www.sinticom-tap.com.br\/portal\/?s={search_term_string}\"},\"query-input\":{\"@type\":\"PropertyValueSpecification\",\"valueRequired\":true,\"valueName\":\"search_term_string\"}}],\"inLanguage\":\"pt-BR\"}]}<\/script>\n<!-- \/ Yoast SEO plugin. -->","yoast_head_json":{"title":"Evolu\u00e7\u00e3o do Sal\u00e1rio M\u00ednimo - Sinticom-TAP","robots":{"index":"index","follow":"follow","max-snippet":"max-snippet:-1","max-image-preview":"max-image-preview:large","max-video-preview":"max-video-preview:-1"},"canonical":"https:\/\/www.sinticom-tap.com.br\/portal\/servicos\/evolucao-do-salario\/","og_locale":"pt_BR","og_type":"article","og_title":"Evolu\u00e7\u00e3o do Sal\u00e1rio M\u00ednimo - Sinticom-TAP","og_description":"* Desde 1940 Vig\u00eancia Valor Nominal 01\/01\/2023 R$ 1.302,00 01\/01\/2022 R$ 1.212,00 01\/01\/2021 R$ 1.100,00 01\/02\/2020 R$ 1.045,00 01\/01\/2020 R$ 1.039,00 01\/01\/2019 R$ 998,00 01\/01\/2018 R$ 954,00 01\/01\/2017 R$ 937,00 01\/01\/2016 R$ 880,00 01\/01\/2015 R$ 788,00 01\/01\/2014 R$ 724,00 01\/01\/2013 R$ 678,00 01\/01\/2012 R$ 622,00 01\/03\/2011 R$ 545,00 01\/01\/2011 R$ 540,00 01\/01\/2010 R$ 510,00 01\/01\/2009 ... Ler mais","og_url":"https:\/\/www.sinticom-tap.com.br\/portal\/servicos\/evolucao-do-salario\/","og_site_name":"Sinticom-TAP","article_modified_time":"2023-09-01T20:05:00+00:00","twitter_card":"summary_large_image","schema":{"@context":"https:\/\/schema.org","@graph":[{"@type":"WebPage","@id":"https:\/\/www.sinticom-tap.com.br\/portal\/servicos\/evolucao-do-salario\/","url":"https:\/\/www.sinticom-tap.com.br\/portal\/servicos\/evolucao-do-salario\/","name":"Evolu\u00e7\u00e3o do Sal\u00e1rio M\u00ednimo - Sinticom-TAP","isPartOf":{"@id":"https:\/\/www.sinticom-tap.com.br\/portal\/#website"},"datePublished":"2012-02-01T00:29:33+00:00","dateModified":"2023-09-01T20:05:00+00:00","breadcrumb":{"@id":"https:\/\/www.sinticom-tap.com.br\/portal\/servicos\/evolucao-do-salario\/#breadcrumb"},"inLanguage":"pt-BR","potentialAction":[{"@type":"ReadAction","target":["https:\/\/www.sinticom-tap.com.br\/portal\/servicos\/evolucao-do-salario\/"]}]},{"@type":"BreadcrumbList","@id":"https:\/\/www.sinticom-tap.com.br\/portal\/servicos\/evolucao-do-salario\/#breadcrumb","itemListElement":[{"@type":"ListItem","position":1,"name":"In\u00edcio","item":"https:\/\/www.sinticom-tap.com.br\/portal\/"},{"@type":"ListItem","position":2,"name":"Servi\u00e7os","item":"https:\/\/www.sinticom-tap.com.br\/portal\/servicos\/"},{"@type":"ListItem","position":3,"name":"Evolu\u00e7\u00e3o do Sal\u00e1rio M\u00ednimo"}]},{"@type":"WebSite","@id":"https:\/\/www.sinticom-tap.com.br\/portal\/#website","url":"https:\/\/www.sinticom-tap.com.br\/portal\/","name":"Sinticom-TAP","description":"Sinticom-TAP","potentialAction":[{"@type":"SearchAction","target":{"@type":"EntryPoint","urlTemplate":"https:\/\/www.sinticom-tap.com.br\/portal\/?s={search_term_string}"},"query-input":{"@type":"PropertyValueSpecification","valueRequired":true,"valueName":"search_term_string"}}],"inLanguage":"pt-BR"}]}},"_links":{"self":[{"href":"https:\/\/www.sinticom-tap.com.br\/portal\/wp-json\/wp\/v2\/pages\/72","targetHints":{"allow":["GET"]}}],"collection":[{"href":"https:\/\/www.sinticom-tap.com.br\/portal\/wp-json\/wp\/v2\/pages"}],"about":[{"href":"https:\/\/www.sinticom-tap.com.br\/portal\/wp-json\/wp\/v2\/types\/page"}],"author":[{"embeddable":true,"href":"https:\/\/www.sinticom-tap.com.br\/portal\/wp-json\/wp\/v2\/users\/1"}],"replies":[{"embeddable":true,"href":"https:\/\/www.sinticom-tap.com.br\/portal\/wp-json\/wp\/v2\/comments?post=72"}],"version-history":[{"count":6,"href":"https:\/\/www.sinticom-tap.com.br\/portal\/wp-json\/wp\/v2\/pages\/72\/revisions"}],"predecessor-version":[{"id":5509,"href":"https:\/\/www.sinticom-tap.com.br\/portal\/wp-json\/wp\/v2\/pages\/72\/revisions\/5509"}],"up":[{"embeddable":true,"href":"https:\/\/www.sinticom-tap.com.br\/portal\/wp-json\/wp\/v2\/pages\/30"}],"wp:attachment":[{"href":"https:\/\/www.sinticom-tap.com.br\/portal\/wp-json\/wp\/v2\/media?parent=72"}],"curies":[{"name":"wp","href":"https:\/\/api.w.org\/{rel}","templated":true}]}}