{"id":24,"date":"2012-01-31T15:05:18","date_gmt":"2012-01-31T15:05:18","guid":{"rendered":"https:\/\/wolney.com.br\/migra\/?page_id=24"},"modified":"2012-01-31T15:05:18","modified_gmt":"2012-01-31T15:05:18","slug":"localizacao","status":"publish","type":"page","link":"https:\/\/www.sinticom-tap.com.br\/portal\/o-sindicato\/localizacao\/","title":{"rendered":"Localiza\u00e7\u00e3o"},"content":{"rendered":"<p>Veja aqui pelo mapa do Google, como chegar aos endere\u00e7os de sede e sub-sede do SINTICOM-TAP.<\/p>\n<h4>Uberl\u00e2ndia:<\/h4>\n<p><iframe style=\"border: 0;\" src=\"https:\/\/www.google.com\/maps\/embed?pb=!1m18!1m12!1m3!1d561.0846436082048!2d-48.27713346927785!3d-18.90869519675621!2m3!1f0!2f0!3f0!3m2!1i1024!2i768!4f13.1!3m3!1m2!1s0x94a445b2f7d00807%3A0x852ee45f52810f19!2sR.+Eng.+Diniz%2C+161+-+Martins%2C+Uberl%C3%A2ndia+-+MG%2C+38400-462!5e0!3m2!1spt-BR!2sbr!4v1463482565005\" width=\"600\" height=\"450\" frameborder=\"0\" allowfullscreen=\"allowfullscreen\"><\/iframe><\/p>\n<h4>Araguari:<\/h4>\n<p><iframe src=\"http:\/\/maps.google.com.br\/maps?f=q&amp;source=s_q&amp;hl=pt-BR&amp;geocode=&amp;q=Av.+Cel+Teodolino+Pereira+de+Araujo,+1273+-+Araguari+-+Minas+Gerais&amp;aq=&amp;sll=-18.908621,-48.2759&amp;sspn=0.01019,0.021007&amp;ie=UTF8&amp;hq=&amp;hnear=Av.+Cel.+Teodolino+Pereira+Ara%C3%BAjo,+1273+-+Araguari+-+Minas+Gerais,+38440-062&amp;ll=-18.648599,-48.193036&amp;spn=0.020412,0.042014&amp;t=m&amp;z=14&amp;output=embed\" width=\"635\" height=\"479\" frameborder=\"0\" marginwidth=\"0\" marginheight=\"0\" scrolling=\"no\"><\/iframe><br \/>\n<small><a style=\"color: #0000ff; text-align: left;\" href=\"http:\/\/maps.google.com.br\/maps?f=q&amp;source=embed&amp;hl=pt-BR&amp;geocode=&amp;q=Av.+Cel+Teodolino+Pereira+de+Araujo,+1273+-+Araguari+-+Minas+Gerais&amp;aq=&amp;sll=-18.908621,-48.2759&amp;sspn=0.01019,0.021007&amp;ie=UTF8&amp;hq=&amp;hnear=Av.+Cel.+Teodolino+Pereira+Ara%C3%BAjo,+1273+-+Araguari+-+Minas+Gerais,+38440-062&amp;ll=-18.648599,-48.193036&amp;spn=0.020412,0.042014&amp;t=m&amp;z=14\" target=\"_blank\" rel=\"noopener\">Exibir mapa ampliado<\/a><\/small><\/p>\n","protected":false},"excerpt":{"rendered":"<p>Veja aqui pelo mapa do Google, como chegar aos endere\u00e7os de sede e sub-sede do SINTICOM-TAP. Uberl\u00e2ndia: Araguari: Exibir mapa ampliado<\/p>\n","protected":false},"author":1,"featured_media":0,"parent":4605,"menu_order":0,"comment_status":"closed","ping_status":"closed","template":"","meta":{"footnotes":""},"class_list":["post-24","page","type-page","status-publish"],"yoast_head":"<!-- This site is optimized with the Yoast SEO plugin v25.9 - https:\/\/yoast.com\/wordpress\/plugins\/seo\/ -->\n<title>Localiza\u00e7\u00e3o - Sinticom-TAP<\/title>\n<meta name=\"robots\" content=\"index, follow, max-snippet:-1, max-image-preview:large, max-video-preview:-1\" \/>\n<link rel=\"canonical\" href=\"https:\/\/www.sinticom-tap.com.br\/portal\/o-sindicato\/localizacao\/\" \/>\n<meta property=\"og:locale\" content=\"pt_BR\" \/>\n<meta property=\"og:type\" content=\"article\" \/>\n<meta property=\"og:title\" content=\"Localiza\u00e7\u00e3o - Sinticom-TAP\" \/>\n<meta property=\"og:description\" content=\"Veja aqui pelo mapa do Google, como chegar aos endere\u00e7os de sede e sub-sede do SINTICOM-TAP. Uberl\u00e2ndia: Araguari: Exibir mapa ampliado\" \/>\n<meta property=\"og:url\" content=\"https:\/\/www.sinticom-tap.com.br\/portal\/o-sindicato\/localizacao\/\" \/>\n<meta property=\"og:site_name\" content=\"Sinticom-TAP\" \/>\n<meta name=\"twitter:card\" content=\"summary_large_image\" \/>\n<script type=\"application\/ld+json\" class=\"yoast-schema-graph\">{\"@context\":\"https:\/\/schema.org\",\"@graph\":[{\"@type\":\"WebPage\",\"@id\":\"https:\/\/www.sinticom-tap.com.br\/portal\/o-sindicato\/localizacao\/\",\"url\":\"https:\/\/www.sinticom-tap.com.br\/portal\/o-sindicato\/localizacao\/\",\"name\":\"Localiza\u00e7\u00e3o - Sinticom-TAP\",\"isPartOf\":{\"@id\":\"https:\/\/www.sinticom-tap.com.br\/portal\/#website\"},\"datePublished\":\"2012-01-31T15:05:18+00:00\",\"breadcrumb\":{\"@id\":\"https:\/\/www.sinticom-tap.com.br\/portal\/o-sindicato\/localizacao\/#breadcrumb\"},\"inLanguage\":\"pt-BR\",\"potentialAction\":[{\"@type\":\"ReadAction\",\"target\":[\"https:\/\/www.sinticom-tap.com.br\/portal\/o-sindicato\/localizacao\/\"]}]},{\"@type\":\"BreadcrumbList\",\"@id\":\"https:\/\/www.sinticom-tap.com.br\/portal\/o-sindicato\/localizacao\/#breadcrumb\",\"itemListElement\":[{\"@type\":\"ListItem\",\"position\":1,\"name\":\"In\u00edcio\",\"item\":\"https:\/\/www.sinticom-tap.com.br\/portal\/\"},{\"@type\":\"ListItem\",\"position\":2,\"name\":\"O Sindicato\",\"item\":\"https:\/\/www.sinticom-tap.com.br\/portal\/o-sindicato\/\"},{\"@type\":\"ListItem\",\"position\":3,\"name\":\"Localiza\u00e7\u00e3o\"}]},{\"@type\":\"WebSite\",\"@id\":\"https:\/\/www.sinticom-tap.com.br\/portal\/#website\",\"url\":\"https:\/\/www.sinticom-tap.com.br\/portal\/\",\"name\":\"Sinticom-TAP\",\"description\":\"Sinticom-TAP\",\"potentialAction\":[{\"@type\":\"SearchAction\",\"target\":{\"@type\":\"EntryPoint\",\"urlTemplate\":\"https:\/\/www.sinticom-tap.com.br\/portal\/?s={search_term_string}\"},\"query-input\":{\"@type\":\"PropertyValueSpecification\",\"valueRequired\":true,\"valueName\":\"search_term_string\"}}],\"inLanguage\":\"pt-BR\"}]}<\/script>\n<!-- \/ Yoast SEO plugin. -->","yoast_head_json":{"title":"Localiza\u00e7\u00e3o - Sinticom-TAP","robots":{"index":"index","follow":"follow","max-snippet":"max-snippet:-1","max-image-preview":"max-image-preview:large","max-video-preview":"max-video-preview:-1"},"canonical":"https:\/\/www.sinticom-tap.com.br\/portal\/o-sindicato\/localizacao\/","og_locale":"pt_BR","og_type":"article","og_title":"Localiza\u00e7\u00e3o - Sinticom-TAP","og_description":"Veja aqui pelo mapa do Google, como chegar aos endere\u00e7os de sede e sub-sede do SINTICOM-TAP. Uberl\u00e2ndia: Araguari: Exibir mapa ampliado","og_url":"https:\/\/www.sinticom-tap.com.br\/portal\/o-sindicato\/localizacao\/","og_site_name":"Sinticom-TAP","twitter_card":"summary_large_image","schema":{"@context":"https:\/\/schema.org","@graph":[{"@type":"WebPage","@id":"https:\/\/www.sinticom-tap.com.br\/portal\/o-sindicato\/localizacao\/","url":"https:\/\/www.sinticom-tap.com.br\/portal\/o-sindicato\/localizacao\/","name":"Localiza\u00e7\u00e3o - Sinticom-TAP","isPartOf":{"@id":"https:\/\/www.sinticom-tap.com.br\/portal\/#website"},"datePublished":"2012-01-31T15:05:18+00:00","breadcrumb":{"@id":"https:\/\/www.sinticom-tap.com.br\/portal\/o-sindicato\/localizacao\/#breadcrumb"},"inLanguage":"pt-BR","potentialAction":[{"@type":"ReadAction","target":["https:\/\/www.sinticom-tap.com.br\/portal\/o-sindicato\/localizacao\/"]}]},{"@type":"BreadcrumbList","@id":"https:\/\/www.sinticom-tap.com.br\/portal\/o-sindicato\/localizacao\/#breadcrumb","itemListElement":[{"@type":"ListItem","position":1,"name":"In\u00edcio","item":"https:\/\/www.sinticom-tap.com.br\/portal\/"},{"@type":"ListItem","position":2,"name":"O Sindicato","item":"https:\/\/www.sinticom-tap.com.br\/portal\/o-sindicato\/"},{"@type":"ListItem","position":3,"name":"Localiza\u00e7\u00e3o"}]},{"@type":"WebSite","@id":"https:\/\/www.sinticom-tap.com.br\/portal\/#website","url":"https:\/\/www.sinticom-tap.com.br\/portal\/","name":"Sinticom-TAP","description":"Sinticom-TAP","potentialAction":[{"@type":"SearchAction","target":{"@type":"EntryPoint","urlTemplate":"https:\/\/www.sinticom-tap.com.br\/portal\/?s={search_term_string}"},"query-input":{"@type":"PropertyValueSpecification","valueRequired":true,"valueName":"search_term_string"}}],"inLanguage":"pt-BR"}]}},"_links":{"self":[{"href":"https:\/\/www.sinticom-tap.com.br\/portal\/wp-json\/wp\/v2\/pages\/24","targetHints":{"allow":["GET"]}}],"collection":[{"href":"https:\/\/www.sinticom-tap.com.br\/portal\/wp-json\/wp\/v2\/pages"}],"about":[{"href":"https:\/\/www.sinticom-tap.com.br\/portal\/wp-json\/wp\/v2\/types\/page"}],"author":[{"embeddable":true,"href":"https:\/\/www.sinticom-tap.com.br\/portal\/wp-json\/wp\/v2\/users\/1"}],"replies":[{"embeddable":true,"href":"https:\/\/www.sinticom-tap.com.br\/portal\/wp-json\/wp\/v2\/comments?post=24"}],"version-history":[{"count":0,"href":"https:\/\/www.sinticom-tap.com.br\/portal\/wp-json\/wp\/v2\/pages\/24\/revisions"}],"up":[{"embeddable":true,"href":"https:\/\/www.sinticom-tap.com.br\/portal\/wp-json\/wp\/v2\/pages\/4605"}],"wp:attachment":[{"href":"https:\/\/www.sinticom-tap.com.br\/portal\/wp-json\/wp\/v2\/media?parent=24"}],"curies":[{"name":"wp","href":"https:\/\/api.w.org\/{rel}","templated":true}]}}