{"id":20,"date":"2012-01-31T15:00:25","date_gmt":"2012-01-31T15:00:25","guid":{"rendered":"https:\/\/wolney.com.br\/migra\/?page_id=20"},"modified":"2023-09-07T00:36:30","modified_gmt":"2023-09-07T03:36:30","slug":"diretoria","status":"publish","type":"page","link":"https:\/\/www.sinticom-tap.com.br\/portal\/o-sindicato\/diretoria\/","title":{"rendered":"Diretoria"},"content":{"rendered":"\t\t<div data-elementor-type=\"wp-page\" data-elementor-id=\"20\" class=\"elementor elementor-20\" data-elementor-post-type=\"page\">\n\t\t\t\t<div class=\"elementor-element elementor-element-e6c25c5 e-flex e-con-boxed e-con e-parent\" data-id=\"e6c25c5\" data-element_type=\"container\">\n\t\t\t\t\t<div class=\"e-con-inner\">\n\t\t\t\t<div class=\"elementor-element elementor-element-bb6b9b8 elementor-widget elementor-widget-heading\" data-id=\"bb6b9b8\" data-element_type=\"widget\" data-widget_type=\"heading.default\">\n\t\t\t\t<div class=\"elementor-widget-container\">\n\t\t\t\t\t<h2 class=\"elementor-heading-title elementor-size-default\">Mandato 2022\/2026<\/h2>\t\t\t\t<\/div>\n\t\t\t\t<\/div>\n\t\t\t\t\t<\/div>\n\t\t\t\t<\/div>\n\t\t<div class=\"elementor-element elementor-element-d9d13a4 e-grid e-con-boxed e-con e-parent\" data-id=\"d9d13a4\" data-element_type=\"container\">\n\t\t\t\t\t<div class=\"e-con-inner\">\n\t\t\t\t<div class=\"elementor-element elementor-element-23043d7 elementor-position-top elementor-widget elementor-widget-image-box\" data-id=\"23043d7\" data-element_type=\"widget\" data-widget_type=\"image-box.default\">\n\t\t\t\t<div class=\"elementor-widget-container\">\n\t\t\t\t\t<div class=\"elementor-image-box-wrapper\"><figure class=\"elementor-image-box-img\"><img decoding=\"async\" src=\"https:\/\/www.sinticom-tap.com.br\/portal\/wp-content\/uploads\/2023\/08\/Logo-Sinticom-tap-500x500-1.jpg\" title=\"Logo Sinticom-tap-500&#215;500\" alt=\"Logo Sinticom-tap-500x500\" loading=\"lazy\" \/><\/figure><div class=\"elementor-image-box-content\"><h3 class=\"elementor-image-box-title\">Reinaldo Rosa de Souza<\/h3><p class=\"elementor-image-box-description\">Presidente<\/p><\/div><\/div>\t\t\t\t<\/div>\n\t\t\t\t<\/div>\n\t\t\t\t<div class=\"elementor-element elementor-element-437c167 elementor-position-top elementor-widget elementor-widget-image-box\" data-id=\"437c167\" data-element_type=\"widget\" data-widget_type=\"image-box.default\">\n\t\t\t\t<div class=\"elementor-widget-container\">\n\t\t\t\t\t<div class=\"elementor-image-box-wrapper\"><figure class=\"elementor-image-box-img\"><img decoding=\"async\" src=\"https:\/\/www.sinticom-tap.com.br\/portal\/wp-content\/uploads\/2023\/08\/Logo-Sinticom-tap-500x500-1.jpg\" title=\"Logo Sinticom-tap-500&#215;500\" alt=\"Logo Sinticom-tap-500x500\" loading=\"lazy\" \/><\/figure><div class=\"elementor-image-box-content\"><h3 class=\"elementor-image-box-title\">Marta Regina Farias de Oliveira<\/h3><p class=\"elementor-image-box-description\"> Vice Presidente<\/p><\/div><\/div>\t\t\t\t<\/div>\n\t\t\t\t<\/div>\n\t\t\t\t<div class=\"elementor-element elementor-element-a264459 elementor-position-top elementor-widget elementor-widget-image-box\" data-id=\"a264459\" data-element_type=\"widget\" data-widget_type=\"image-box.default\">\n\t\t\t\t<div class=\"elementor-widget-container\">\n\t\t\t\t\t<div class=\"elementor-image-box-wrapper\"><figure class=\"elementor-image-box-img\"><img decoding=\"async\" src=\"https:\/\/www.sinticom-tap.com.br\/portal\/wp-content\/uploads\/2023\/08\/Logo-Sinticom-tap-500x500-1.jpg\" title=\"Logo Sinticom-tap-500&#215;500\" alt=\"Logo Sinticom-tap-500x500\" loading=\"lazy\" \/><\/figure><div class=\"elementor-image-box-content\"><h3 class=\"elementor-image-box-title\">Jos\u00e9 Ant\u00f4nio da Silva<\/h3><p class=\"elementor-image-box-description\">Tesoureiro<\/p><\/div><\/div>\t\t\t\t<\/div>\n\t\t\t\t<\/div>\n\t\t\t\t<div class=\"elementor-element elementor-element-7807f1d elementor-position-top elementor-widget elementor-widget-image-box\" data-id=\"7807f1d\" data-element_type=\"widget\" data-widget_type=\"image-box.default\">\n\t\t\t\t<div class=\"elementor-widget-container\">\n\t\t\t\t\t<div class=\"elementor-image-box-wrapper\"><figure class=\"elementor-image-box-img\"><img decoding=\"async\" src=\"https:\/\/www.sinticom-tap.com.br\/portal\/wp-content\/uploads\/2023\/08\/Logo-Sinticom-tap-500x500-1.jpg\" title=\"Logo Sinticom-tap-500&#215;500\" alt=\"Logo Sinticom-tap-500x500\" loading=\"lazy\" \/><\/figure><div class=\"elementor-image-box-content\"><h3 class=\"elementor-image-box-title\"> Sebati\u00e3o Rodrigues da Silva Neto<\/h3><p class=\"elementor-image-box-description\"> 1\u00baTesoureiro<\/p><\/div><\/div>\t\t\t\t<\/div>\n\t\t\t\t<\/div>\n\t\t\t\t<div class=\"elementor-element elementor-element-d0f5934 elementor-position-top elementor-widget elementor-widget-image-box\" data-id=\"d0f5934\" data-element_type=\"widget\" data-widget_type=\"image-box.default\">\n\t\t\t\t<div class=\"elementor-widget-container\">\n\t\t\t\t\t<div class=\"elementor-image-box-wrapper\"><figure class=\"elementor-image-box-img\"><img decoding=\"async\" src=\"https:\/\/www.sinticom-tap.com.br\/portal\/wp-content\/uploads\/2023\/08\/Logo-Sinticom-tap-500x500-1.jpg\" title=\"Logo Sinticom-tap-500&#215;500\" alt=\"Logo Sinticom-tap-500x500\" loading=\"lazy\" \/><\/figure><div class=\"elementor-image-box-content\"><h3 class=\"elementor-image-box-title\">Tiago Rodrigues Rosa de Souza<\/h3><p class=\"elementor-image-box-description\">Secret\u00e1rio<\/p><\/div><\/div>\t\t\t\t<\/div>\n\t\t\t\t<\/div>\n\t\t\t\t<div class=\"elementor-element elementor-element-1d7c3cd elementor-position-top elementor-widget elementor-widget-image-box\" data-id=\"1d7c3cd\" data-element_type=\"widget\" data-widget_type=\"image-box.default\">\n\t\t\t\t<div class=\"elementor-widget-container\">\n\t\t\t\t\t<div class=\"elementor-image-box-wrapper\"><figure class=\"elementor-image-box-img\"><img decoding=\"async\" src=\"https:\/\/www.sinticom-tap.com.br\/portal\/wp-content\/uploads\/2023\/08\/Logo-Sinticom-tap-500x500-1.jpg\" title=\"Logo Sinticom-tap-500&#215;500\" alt=\"Logo Sinticom-tap-500x500\" loading=\"lazy\" \/><\/figure><div class=\"elementor-image-box-content\"><h3 class=\"elementor-image-box-title\"> Jos\u00e9 Ant\u00f4nio Ferreira<\/h3><p class=\"elementor-image-box-description\"> 1\u00ba Secret\u00e1rio<\/p><\/div><\/div>\t\t\t\t<\/div>\n\t\t\t\t<\/div>\n\t\t\t\t<div class=\"elementor-element elementor-element-9b22962 elementor-position-top elementor-widget elementor-widget-image-box\" data-id=\"9b22962\" data-element_type=\"widget\" data-widget_type=\"image-box.default\">\n\t\t\t\t<div class=\"elementor-widget-container\">\n\t\t\t\t\t<div class=\"elementor-image-box-wrapper\"><figure class=\"elementor-image-box-img\"><img decoding=\"async\" src=\"https:\/\/www.sinticom-tap.com.br\/portal\/wp-content\/uploads\/2023\/08\/Logo-Sinticom-tap-500x500-1.jpg\" title=\"Logo Sinticom-tap-500&#215;500\" alt=\"Logo Sinticom-tap-500x500\" loading=\"lazy\" \/><\/figure><div class=\"elementor-image-box-content\"><h3 class=\"elementor-image-box-title\">Marcia Alves Ribeiro Mendes<\/h3><p class=\"elementor-image-box-description\">Secretaria da Mulher, Crian\u00e7a e Adolescente<\/p><\/div><\/div>\t\t\t\t<\/div>\n\t\t\t\t<\/div>\n\t\t\t\t<div class=\"elementor-element elementor-element-4367f4f elementor-position-top elementor-widget elementor-widget-image-box\" data-id=\"4367f4f\" data-element_type=\"widget\" data-widget_type=\"image-box.default\">\n\t\t\t\t<div class=\"elementor-widget-container\">\n\t\t\t\t\t<div class=\"elementor-image-box-wrapper\"><figure class=\"elementor-image-box-img\"><img decoding=\"async\" src=\"https:\/\/www.sinticom-tap.com.br\/portal\/wp-content\/uploads\/2023\/08\/Logo-Sinticom-tap-500x500-1.jpg\" title=\"Logo Sinticom-tap-500&#215;500\" alt=\"Logo Sinticom-tap-500x500\" loading=\"lazy\" \/><\/figure><div class=\"elementor-image-box-content\"><h3 class=\"elementor-image-box-title\">Vilmar Delfino de Oliveira<\/h3><p class=\"elementor-image-box-description\"> Suplente Diretoria<\/p><\/div><\/div>\t\t\t\t<\/div>\n\t\t\t\t<\/div>\n\t\t\t\t<div class=\"elementor-element elementor-element-7cea29a elementor-position-top elementor-widget elementor-widget-image-box\" data-id=\"7cea29a\" data-element_type=\"widget\" data-widget_type=\"image-box.default\">\n\t\t\t\t<div class=\"elementor-widget-container\">\n\t\t\t\t\t<div class=\"elementor-image-box-wrapper\"><figure class=\"elementor-image-box-img\"><img decoding=\"async\" src=\"https:\/\/www.sinticom-tap.com.br\/portal\/wp-content\/uploads\/2023\/08\/Logo-Sinticom-tap-500x500-1.jpg\" title=\"Logo Sinticom-tap-500&#215;500\" alt=\"Logo Sinticom-tap-500x500\" loading=\"lazy\" \/><\/figure><div class=\"elementor-image-box-content\"><h3 class=\"elementor-image-box-title\"> Francisco Audaiano dos Santos<\/h3><p class=\"elementor-image-box-description\">Suplente Diretoria<\/p><\/div><\/div>\t\t\t\t<\/div>\n\t\t\t\t<\/div>\n\t\t\t\t<div class=\"elementor-element elementor-element-9e3833f elementor-position-top elementor-widget elementor-widget-image-box\" data-id=\"9e3833f\" data-element_type=\"widget\" data-widget_type=\"image-box.default\">\n\t\t\t\t<div class=\"elementor-widget-container\">\n\t\t\t\t\t<div class=\"elementor-image-box-wrapper\"><figure class=\"elementor-image-box-img\"><img decoding=\"async\" src=\"https:\/\/www.sinticom-tap.com.br\/portal\/wp-content\/uploads\/2023\/08\/Logo-Sinticom-tap-500x500-1.jpg\" title=\"Logo Sinticom-tap-500&#215;500\" alt=\"Logo Sinticom-tap-500x500\" loading=\"lazy\" \/><\/figure><div class=\"elementor-image-box-content\"><h3 class=\"elementor-image-box-title\">Cesar Balbino Rodrigues<\/h3><p class=\"elementor-image-box-description\">Suplente Diretoria<\/p><\/div><\/div>\t\t\t\t<\/div>\n\t\t\t\t<\/div>\n\t\t\t\t<div class=\"elementor-element elementor-element-a26ca15 elementor-position-top elementor-widget elementor-widget-image-box\" data-id=\"a26ca15\" data-element_type=\"widget\" data-widget_type=\"image-box.default\">\n\t\t\t\t<div class=\"elementor-widget-container\">\n\t\t\t\t\t<div class=\"elementor-image-box-wrapper\"><figure class=\"elementor-image-box-img\"><img decoding=\"async\" src=\"https:\/\/www.sinticom-tap.com.br\/portal\/wp-content\/uploads\/2023\/08\/Logo-Sinticom-tap-500x500-1.jpg\" title=\"Logo Sinticom-tap-500&#215;500\" alt=\"Logo Sinticom-tap-500x500\" loading=\"lazy\" \/><\/figure><div class=\"elementor-image-box-content\"><h3 class=\"elementor-image-box-title\"> Francisco Audaiano dos Santos<\/h3><p class=\"elementor-image-box-description\">Suplente Diretoria<\/p><\/div><\/div>\t\t\t\t<\/div>\n\t\t\t\t<\/div>\n\t\t\t\t<div class=\"elementor-element elementor-element-654efd4 elementor-position-top elementor-widget elementor-widget-image-box\" data-id=\"654efd4\" data-element_type=\"widget\" data-widget_type=\"image-box.default\">\n\t\t\t\t<div class=\"elementor-widget-container\">\n\t\t\t\t\t<div class=\"elementor-image-box-wrapper\"><figure class=\"elementor-image-box-img\"><img decoding=\"async\" src=\"https:\/\/www.sinticom-tap.com.br\/portal\/wp-content\/uploads\/2023\/08\/Logo-Sinticom-tap-500x500-1.jpg\" title=\"Logo Sinticom-tap-500&#215;500\" alt=\"Logo Sinticom-tap-500x500\" loading=\"lazy\" \/><\/figure><div class=\"elementor-image-box-content\"><h3 class=\"elementor-image-box-title\">Roberto Alves da Silva<\/h3><p class=\"elementor-image-box-description\">Conselho Fiscal<\/p><\/div><\/div>\t\t\t\t<\/div>\n\t\t\t\t<\/div>\n\t\t\t\t<div class=\"elementor-element elementor-element-1099cdf elementor-position-top elementor-widget elementor-widget-image-box\" data-id=\"1099cdf\" data-element_type=\"widget\" data-widget_type=\"image-box.default\">\n\t\t\t\t<div class=\"elementor-widget-container\">\n\t\t\t\t\t<div class=\"elementor-image-box-wrapper\"><figure class=\"elementor-image-box-img\"><img decoding=\"async\" src=\"https:\/\/www.sinticom-tap.com.br\/portal\/wp-content\/uploads\/2023\/08\/Logo-Sinticom-tap-500x500-1.jpg\" title=\"Logo Sinticom-tap-500&#215;500\" alt=\"Logo Sinticom-tap-500x500\" loading=\"lazy\" \/><\/figure><div class=\"elementor-image-box-content\"><h3 class=\"elementor-image-box-title\">Mauro Ant\u00f4nio de Oliveira Tomaz<\/h3><p class=\"elementor-image-box-description\">Conselho Fiscal<\/p><\/div><\/div>\t\t\t\t<\/div>\n\t\t\t\t<\/div>\n\t\t\t\t<div class=\"elementor-element elementor-element-4797b0c elementor-position-top elementor-widget elementor-widget-image-box\" data-id=\"4797b0c\" data-element_type=\"widget\" data-widget_type=\"image-box.default\">\n\t\t\t\t<div class=\"elementor-widget-container\">\n\t\t\t\t\t<div class=\"elementor-image-box-wrapper\"><figure class=\"elementor-image-box-img\"><img decoding=\"async\" src=\"https:\/\/www.sinticom-tap.com.br\/portal\/wp-content\/uploads\/2023\/08\/Logo-Sinticom-tap-500x500-1.jpg\" title=\"Logo Sinticom-tap-500&#215;500\" alt=\"Logo Sinticom-tap-500x500\" loading=\"lazy\" \/><\/figure><div class=\"elementor-image-box-content\"><h3 class=\"elementor-image-box-title\">Jacy Cacildo Melo<\/h3><p class=\"elementor-image-box-description\">Conselho Fiscal<\/p><\/div><\/div>\t\t\t\t<\/div>\n\t\t\t\t<\/div>\n\t\t\t\t\t<\/div>\n\t\t\t\t<\/div>\n\t\t\t\t<\/div>\n\t\t","protected":false},"excerpt":{"rendered":"<p>Mandato 2022\/2026 Reinaldo Rosa de Souza Presidente Marta Regina Farias de Oliveira Vice Presidente Jos\u00e9 Ant\u00f4nio da Silva Tesoureiro Sebati\u00e3o Rodrigues da Silva Neto 1\u00baTesoureiro Tiago Rodrigues Rosa de Souza Secret\u00e1rio Jos\u00e9 Ant\u00f4nio Ferreira 1\u00ba Secret\u00e1rio Marcia Alves Ribeiro Mendes Secretaria da Mulher, Crian\u00e7a e Adolescente Vilmar Delfino de Oliveira Suplente Diretoria Francisco Audaiano dos &#8230; <a title=\"Diretoria\" class=\"read-more\" href=\"https:\/\/www.sinticom-tap.com.br\/portal\/o-sindicato\/diretoria\/\" aria-label=\"More on Diretoria\">Ler mais<\/a><\/p>\n","protected":false},"author":1,"featured_media":2171,"parent":4605,"menu_order":0,"comment_status":"closed","ping_status":"closed","template":"","meta":{"footnotes":""},"class_list":["post-20","page","type-page","status-publish","has-post-thumbnail"],"yoast_head":"<!-- This site is optimized with the Yoast SEO plugin v25.9 - https:\/\/yoast.com\/wordpress\/plugins\/seo\/ -->\n<title>Diretoria - Sinticom-TAP<\/title>\n<meta name=\"robots\" content=\"index, follow, max-snippet:-1, max-image-preview:large, max-video-preview:-1\" \/>\n<link rel=\"canonical\" href=\"https:\/\/www.sinticom-tap.com.br\/portal\/o-sindicato\/diretoria\/\" \/>\n<meta property=\"og:locale\" content=\"pt_BR\" \/>\n<meta property=\"og:type\" content=\"article\" \/>\n<meta property=\"og:title\" content=\"Diretoria - Sinticom-TAP\" \/>\n<meta property=\"og:description\" content=\"Mandato 2022\/2026 Reinaldo Rosa de Souza Presidente Marta Regina Farias de Oliveira Vice Presidente Jos\u00e9 Ant\u00f4nio da Silva Tesoureiro Sebati\u00e3o Rodrigues da Silva Neto 1\u00baTesoureiro Tiago Rodrigues Rosa de Souza Secret\u00e1rio Jos\u00e9 Ant\u00f4nio Ferreira 1\u00ba Secret\u00e1rio Marcia Alves Ribeiro Mendes Secretaria da Mulher, Crian\u00e7a e Adolescente Vilmar Delfino de Oliveira Suplente Diretoria Francisco Audaiano dos ... Ler mais\" \/>\n<meta property=\"og:url\" content=\"https:\/\/www.sinticom-tap.com.br\/portal\/o-sindicato\/diretoria\/\" \/>\n<meta property=\"og:site_name\" content=\"Sinticom-TAP\" \/>\n<meta property=\"article:modified_time\" content=\"2023-09-07T03:36:30+00:00\" \/>\n<meta property=\"og:image\" content=\"https:\/\/www.sinticom-tap.com.br\/portal\/wp-content\/uploads\/2014\/09\/Diretoria-2014-para-o-site.png\" \/>\n\t<meta property=\"og:image:width\" content=\"700\" \/>\n\t<meta property=\"og:image:height\" content=\"1000\" \/>\n\t<meta property=\"og:image:type\" content=\"image\/png\" \/>\n<meta name=\"twitter:card\" content=\"summary_large_image\" \/>\n<script type=\"application\/ld+json\" class=\"yoast-schema-graph\">{\"@context\":\"https:\/\/schema.org\",\"@graph\":[{\"@type\":\"WebPage\",\"@id\":\"https:\/\/www.sinticom-tap.com.br\/portal\/o-sindicato\/diretoria\/\",\"url\":\"https:\/\/www.sinticom-tap.com.br\/portal\/o-sindicato\/diretoria\/\",\"name\":\"Diretoria - Sinticom-TAP\",\"isPartOf\":{\"@id\":\"https:\/\/www.sinticom-tap.com.br\/portal\/#website\"},\"primaryImageOfPage\":{\"@id\":\"https:\/\/www.sinticom-tap.com.br\/portal\/o-sindicato\/diretoria\/#primaryimage\"},\"image\":{\"@id\":\"https:\/\/www.sinticom-tap.com.br\/portal\/o-sindicato\/diretoria\/#primaryimage\"},\"thumbnailUrl\":\"https:\/\/www.sinticom-tap.com.br\/portal\/wp-content\/uploads\/2014\/09\/Diretoria-2014-para-o-site.png\",\"datePublished\":\"2012-01-31T15:00:25+00:00\",\"dateModified\":\"2023-09-07T03:36:30+00:00\",\"breadcrumb\":{\"@id\":\"https:\/\/www.sinticom-tap.com.br\/portal\/o-sindicato\/diretoria\/#breadcrumb\"},\"inLanguage\":\"pt-BR\",\"potentialAction\":[{\"@type\":\"ReadAction\",\"target\":[\"https:\/\/www.sinticom-tap.com.br\/portal\/o-sindicato\/diretoria\/\"]}]},{\"@type\":\"ImageObject\",\"inLanguage\":\"pt-BR\",\"@id\":\"https:\/\/www.sinticom-tap.com.br\/portal\/o-sindicato\/diretoria\/#primaryimage\",\"url\":\"https:\/\/www.sinticom-tap.com.br\/portal\/wp-content\/uploads\/2014\/09\/Diretoria-2014-para-o-site.png\",\"contentUrl\":\"https:\/\/www.sinticom-tap.com.br\/portal\/wp-content\/uploads\/2014\/09\/Diretoria-2014-para-o-site.png\",\"width\":700,\"height\":1000},{\"@type\":\"BreadcrumbList\",\"@id\":\"https:\/\/www.sinticom-tap.com.br\/portal\/o-sindicato\/diretoria\/#breadcrumb\",\"itemListElement\":[{\"@type\":\"ListItem\",\"position\":1,\"name\":\"In\u00edcio\",\"item\":\"https:\/\/www.sinticom-tap.com.br\/portal\/\"},{\"@type\":\"ListItem\",\"position\":2,\"name\":\"O Sindicato\",\"item\":\"https:\/\/www.sinticom-tap.com.br\/portal\/o-sindicato\/\"},{\"@type\":\"ListItem\",\"position\":3,\"name\":\"Diretoria\"}]},{\"@type\":\"WebSite\",\"@id\":\"https:\/\/www.sinticom-tap.com.br\/portal\/#website\",\"url\":\"https:\/\/www.sinticom-tap.com.br\/portal\/\",\"name\":\"Sinticom-TAP\",\"description\":\"Sinticom-TAP\",\"potentialAction\":[{\"@type\":\"SearchAction\",\"target\":{\"@type\":\"EntryPoint\",\"urlTemplate\":\"https:\/\/www.sinticom-tap.com.br\/portal\/?s={search_term_string}\"},\"query-input\":{\"@type\":\"PropertyValueSpecification\",\"valueRequired\":true,\"valueName\":\"search_term_string\"}}],\"inLanguage\":\"pt-BR\"}]}<\/script>\n<!-- \/ Yoast SEO plugin. -->","yoast_head_json":{"title":"Diretoria - Sinticom-TAP","robots":{"index":"index","follow":"follow","max-snippet":"max-snippet:-1","max-image-preview":"max-image-preview:large","max-video-preview":"max-video-preview:-1"},"canonical":"https:\/\/www.sinticom-tap.com.br\/portal\/o-sindicato\/diretoria\/","og_locale":"pt_BR","og_type":"article","og_title":"Diretoria - Sinticom-TAP","og_description":"Mandato 2022\/2026 Reinaldo Rosa de Souza Presidente Marta Regina Farias de Oliveira Vice Presidente Jos\u00e9 Ant\u00f4nio da Silva Tesoureiro Sebati\u00e3o Rodrigues da Silva Neto 1\u00baTesoureiro Tiago Rodrigues Rosa de Souza Secret\u00e1rio Jos\u00e9 Ant\u00f4nio Ferreira 1\u00ba Secret\u00e1rio Marcia Alves Ribeiro Mendes Secretaria da Mulher, Crian\u00e7a e Adolescente Vilmar Delfino de Oliveira Suplente Diretoria Francisco Audaiano dos ... Ler mais","og_url":"https:\/\/www.sinticom-tap.com.br\/portal\/o-sindicato\/diretoria\/","og_site_name":"Sinticom-TAP","article_modified_time":"2023-09-07T03:36:30+00:00","og_image":[{"width":700,"height":1000,"url":"https:\/\/www.sinticom-tap.com.br\/portal\/wp-content\/uploads\/2014\/09\/Diretoria-2014-para-o-site.png","type":"image\/png"}],"twitter_card":"summary_large_image","schema":{"@context":"https:\/\/schema.org","@graph":[{"@type":"WebPage","@id":"https:\/\/www.sinticom-tap.com.br\/portal\/o-sindicato\/diretoria\/","url":"https:\/\/www.sinticom-tap.com.br\/portal\/o-sindicato\/diretoria\/","name":"Diretoria - Sinticom-TAP","isPartOf":{"@id":"https:\/\/www.sinticom-tap.com.br\/portal\/#website"},"primaryImageOfPage":{"@id":"https:\/\/www.sinticom-tap.com.br\/portal\/o-sindicato\/diretoria\/#primaryimage"},"image":{"@id":"https:\/\/www.sinticom-tap.com.br\/portal\/o-sindicato\/diretoria\/#primaryimage"},"thumbnailUrl":"https:\/\/www.sinticom-tap.com.br\/portal\/wp-content\/uploads\/2014\/09\/Diretoria-2014-para-o-site.png","datePublished":"2012-01-31T15:00:25+00:00","dateModified":"2023-09-07T03:36:30+00:00","breadcrumb":{"@id":"https:\/\/www.sinticom-tap.com.br\/portal\/o-sindicato\/diretoria\/#breadcrumb"},"inLanguage":"pt-BR","potentialAction":[{"@type":"ReadAction","target":["https:\/\/www.sinticom-tap.com.br\/portal\/o-sindicato\/diretoria\/"]}]},{"@type":"ImageObject","inLanguage":"pt-BR","@id":"https:\/\/www.sinticom-tap.com.br\/portal\/o-sindicato\/diretoria\/#primaryimage","url":"https:\/\/www.sinticom-tap.com.br\/portal\/wp-content\/uploads\/2014\/09\/Diretoria-2014-para-o-site.png","contentUrl":"https:\/\/www.sinticom-tap.com.br\/portal\/wp-content\/uploads\/2014\/09\/Diretoria-2014-para-o-site.png","width":700,"height":1000},{"@type":"BreadcrumbList","@id":"https:\/\/www.sinticom-tap.com.br\/portal\/o-sindicato\/diretoria\/#breadcrumb","itemListElement":[{"@type":"ListItem","position":1,"name":"In\u00edcio","item":"https:\/\/www.sinticom-tap.com.br\/portal\/"},{"@type":"ListItem","position":2,"name":"O Sindicato","item":"https:\/\/www.sinticom-tap.com.br\/portal\/o-sindicato\/"},{"@type":"ListItem","position":3,"name":"Diretoria"}]},{"@type":"WebSite","@id":"https:\/\/www.sinticom-tap.com.br\/portal\/#website","url":"https:\/\/www.sinticom-tap.com.br\/portal\/","name":"Sinticom-TAP","description":"Sinticom-TAP","potentialAction":[{"@type":"SearchAction","target":{"@type":"EntryPoint","urlTemplate":"https:\/\/www.sinticom-tap.com.br\/portal\/?s={search_term_string}"},"query-input":{"@type":"PropertyValueSpecification","valueRequired":true,"valueName":"search_term_string"}}],"inLanguage":"pt-BR"}]}},"_links":{"self":[{"href":"https:\/\/www.sinticom-tap.com.br\/portal\/wp-json\/wp\/v2\/pages\/20","targetHints":{"allow":["GET"]}}],"collection":[{"href":"https:\/\/www.sinticom-tap.com.br\/portal\/wp-json\/wp\/v2\/pages"}],"about":[{"href":"https:\/\/www.sinticom-tap.com.br\/portal\/wp-json\/wp\/v2\/types\/page"}],"author":[{"embeddable":true,"href":"https:\/\/www.sinticom-tap.com.br\/portal\/wp-json\/wp\/v2\/users\/1"}],"replies":[{"embeddable":true,"href":"https:\/\/www.sinticom-tap.com.br\/portal\/wp-json\/wp\/v2\/comments?post=20"}],"version-history":[{"count":67,"href":"https:\/\/www.sinticom-tap.com.br\/portal\/wp-json\/wp\/v2\/pages\/20\/revisions"}],"predecessor-version":[{"id":5815,"href":"https:\/\/www.sinticom-tap.com.br\/portal\/wp-json\/wp\/v2\/pages\/20\/revisions\/5815"}],"up":[{"embeddable":true,"href":"https:\/\/www.sinticom-tap.com.br\/portal\/wp-json\/wp\/v2\/pages\/4605"}],"wp:featuredmedia":[{"embeddable":true,"href":"https:\/\/www.sinticom-tap.com.br\/portal\/wp-json\/wp\/v2\/media\/2171"}],"wp:attachment":[{"href":"https:\/\/www.sinticom-tap.com.br\/portal\/wp-json\/wp\/v2\/media?parent=20"}],"curies":[{"name":"wp","href":"https:\/\/api.w.org\/{rel}","templated":true}]}}